{"id":1104,"date":"2026-01-28T15:17:47","date_gmt":"2026-01-28T15:17:47","guid":{"rendered":"http:\/\/malabaila.local\/?page_id=1104"},"modified":"2026-03-17T18:00:25","modified_gmt":"2026-03-17T18:00:25","slug":"roero-arneis-docg-pradvaj","status":"publish","type":"page","link":"https:\/\/malabaila.com\/en\/roero-arneis-docg-pradvaj\/","title":{"rendered":"Roero Arneis DOCG \u201cPradvaj\u201d"},"content":{"rendered":"\t\t<div data-elementor-type=\"wp-page\" data-elementor-id=\"1104\" class=\"elementor elementor-1104\" data-elementor-settings=\"{&quot;ha_cmc_init_switcher&quot;:&quot;no&quot;}\" data-elementor-post-type=\"page\">\n\t\t\t\t<div class=\"elementor-element elementor-element-0ea6d38 e-con-full e-flex wpr-particle-no wpr-jarallax-no wpr-parallax-no wpr-sticky-section-no e-con e-parent\" data-id=\"0ea6d38\" data-element_type=\"container\" data-e-type=\"container\" data-settings=\"{&quot;background_background&quot;:&quot;classic&quot;,&quot;_ha_eqh_enable&quot;:false}\">\n\t\t<div class=\"elementor-element elementor-element-52e931f e-con-full e-flex wpr-particle-no wpr-jarallax-no wpr-parallax-no wpr-sticky-section-no e-con e-child\" data-id=\"52e931f\" data-element_type=\"container\" data-e-type=\"container\" data-settings=\"{&quot;background_background&quot;:&quot;classic&quot;,&quot;_ha_eqh_enable&quot;:false}\">\n\t\t\t\t<div class=\"elementor-element elementor-element-60cc61f elementor-widget elementor-widget-image\" data-id=\"60cc61f\" data-element_type=\"widget\" data-e-type=\"widget\" data-widget_type=\"image.default\">\n\t\t\t\t\t\t\t\t\t\t\t\t\t\t\t<img loading=\"lazy\" decoding=\"async\" width=\"1810\" height=\"2560\" src=\"https:\/\/malabaila.com\/wp-content\/uploads\/2026\/01\/Roero-Arneis-Pradvaj-Malabaila-1-scaled.png\" class=\"attachment-full size-full wp-image-1056\" alt=\"Roero Arneis DOCG \u201cPradvaj\u201d\" srcset=\"https:\/\/malabaila.com\/wp-content\/uploads\/2026\/01\/Roero-Arneis-Pradvaj-Malabaila-1-scaled.png 1810w, https:\/\/malabaila.com\/wp-content\/uploads\/2026\/01\/Roero-Arneis-Pradvaj-Malabaila-1-scaled-600x849.png 600w, https:\/\/malabaila.com\/wp-content\/uploads\/2026\/01\/Roero-Arneis-Pradvaj-Malabaila-1-212x300.png 212w, https:\/\/malabaila.com\/wp-content\/uploads\/2026\/01\/Roero-Arneis-Pradvaj-Malabaila-1-724x1024.png 724w, https:\/\/malabaila.com\/wp-content\/uploads\/2026\/01\/Roero-Arneis-Pradvaj-Malabaila-1-768x1086.png 768w, https:\/\/malabaila.com\/wp-content\/uploads\/2026\/01\/Roero-Arneis-Pradvaj-Malabaila-1-1086x1536.png 1086w, https:\/\/malabaila.com\/wp-content\/uploads\/2026\/01\/Roero-Arneis-Pradvaj-Malabaila-1-1448x2048.png 1448w\" sizes=\"auto, (max-width: 1810px) 100vw, 1810px\" \/>\t\t\t\t\t\t\t\t\t\t\t\t\t\t\t<\/div>\n\t\t<div class=\"elementor-element elementor-element-e6ad5d8 e-con-full e-flex wpr-particle-no wpr-jarallax-no wpr-parallax-no wpr-sticky-section-no e-con e-child\" data-id=\"e6ad5d8\" data-element_type=\"container\" data-e-type=\"container\" data-settings=\"{&quot;_ha_eqh_enable&quot;:false}\">\n\t\t\t\t<div class=\"elementor-element elementor-element-e7467df elementor-view-default elementor-widget elementor-widget-icon\" data-id=\"e7467df\" data-element_type=\"widget\" data-e-type=\"widget\" data-widget_type=\"icon.default\">\n\t\t\t\t\t\t\t<div class=\"elementor-icon-wrapper\">\n\t\t\t<a class=\"elementor-icon\" href=\"https:\/\/malabaila.com\/vini\/\">\n\t\t\t<i aria-hidden=\"true\" class=\"huge huge-more-03\"><\/i>\t\t\t<\/a>\n\t\t<\/div>\n\t\t\t\t\t\t<\/div>\n\t\t\t\t<div class=\"elementor-element elementor-element-273668e elementor-view-default elementor-widget elementor-widget-icon\" data-id=\"273668e\" data-element_type=\"widget\" data-e-type=\"widget\" data-widget_type=\"icon.default\">\n\t\t\t\t\t\t\t<div class=\"elementor-icon-wrapper\">\n\t\t\t<a class=\"elementor-icon\" href=\"https:\/\/malabaila.com\/langhe-doc-rosato-primavera\/\">\n\t\t\t<i aria-hidden=\"true\" class=\"huge huge-arrow-right-02-round\"><\/i>\t\t\t<\/a>\n\t\t<\/div>\n\t\t\t\t\t\t<\/div>\n\t\t\t\t<\/div>\n\t\t\t\t<\/div>\n\t\t<div class=\"elementor-element elementor-element-3a08ca2 e-con-full e-flex wpr-particle-no wpr-jarallax-no wpr-parallax-no wpr-sticky-section-no e-con e-child\" data-id=\"3a08ca2\" data-element_type=\"container\" data-e-type=\"container\" data-settings=\"{&quot;background_background&quot;:&quot;classic&quot;,&quot;_ha_eqh_enable&quot;:false}\">\n\t\t\t\t<div class=\"elementor-element elementor-element-9052c06 elementor-widget__width-initial elementor-widget elementor-widget-heading\" data-id=\"9052c06\" data-element_type=\"widget\" data-e-type=\"widget\" data-widget_type=\"heading.default\">\n\t\t\t\t\t<h2 class=\"elementor-heading-title elementor-size-default\">Roero arneis docg\n<b>pradvaj<\/h2>\t\t\t\t<\/div>\n\t\t\t\t<div class=\"elementor-element elementor-element-e974e9a elementor-widget__width-initial elementor-widget-mobile__width-initial elementor-widget-divider--view-line elementor-widget elementor-widget-divider\" data-id=\"e974e9a\" data-element_type=\"widget\" data-e-type=\"widget\" data-widget_type=\"divider.default\">\n\t\t\t\t\t\t\t<div class=\"elementor-divider\">\n\t\t\t<span class=\"elementor-divider-separator\">\n\t\t\t\t\t\t<\/span>\n\t\t<\/div>\n\t\t\t\t\t\t<\/div>\n\t\t\t\t<div class=\"elementor-element elementor-element-fb7956b elementor-widget__width-initial elementor-widget elementor-widget-text-editor\" data-id=\"fb7956b\" data-element_type=\"widget\" data-e-type=\"widget\" data-widget_type=\"text-editor.default\">\n\t\t\t\t\t\t\t\t\t<p data-start=\"0\" data-end=\"272\">Nell\u2019<strong data-start=\"5\" data-end=\"36\">Archivio Malabaila, mazzo 9<\/strong>, si legge:<br data-start=\"47\" data-end=\"50\" \/><em data-start=\"50\" data-end=\"272\">\u00abNell\u2019anno 1508 il Conte Daniele Malabaila di Canale, anche a nome dei fratelli, acquista la cascina Pradvaj che comprende un prato ed una collina con viti al pendente di giornate 40 per una somma di 1949 fiorini d\u2019oro\u00bb.<\/em><\/p><p data-start=\"274\" data-end=\"536\">Il <strong data-start=\"277\" data-end=\"301\">Roero Arneis Pradvaj<\/strong> nasce esclusivamente dalle uve provenienti da questo vigneto storico. L\u2019et\u00e0 delle viti e le particolari caratteristiche del suolo, ricco di fossili marini, contribuiscono a dare origine a un Arneis di maggiore struttura e persistenza.<\/p><p data-start=\"538\" data-end=\"664\" data-is-last-node=\"\" data-is-only-node=\"\">\u00c8 un vino equilibrato e complesso, che si presta ad accompagnare <strong data-start=\"603\" data-end=\"663\">carni bianche, piatti di pesce elaborati, primi gustosi e formaggi.<\/strong><\/p>\t\t\t\t\t\t\t\t<\/div>\n\t\t\t\t<\/div>\n\t\t\t\t<\/div>\n\t\t<div class=\"elementor-element elementor-element-3c4071a e-flex e-con-boxed wpr-particle-no wpr-jarallax-no wpr-parallax-no wpr-sticky-section-no e-con e-parent\" data-id=\"3c4071a\" data-element_type=\"container\" data-e-type=\"container\" data-settings=\"{&quot;background_background&quot;:&quot;classic&quot;,&quot;background_motion_fx_motion_fx_scrolling&quot;:&quot;yes&quot;,&quot;background_motion_fx_translateX_effect&quot;:&quot;yes&quot;,&quot;background_motion_fx_translateX_speed&quot;:{&quot;unit&quot;:&quot;px&quot;,&quot;size&quot;:4,&quot;sizes&quot;:[]},&quot;background_motion_fx_translateX_affectedRange&quot;:{&quot;unit&quot;:&quot;%&quot;,&quot;size&quot;:&quot;&quot;,&quot;sizes&quot;:{&quot;start&quot;:0,&quot;end&quot;:100}},&quot;background_motion_fx_devices&quot;:[&quot;desktop&quot;,&quot;tablet&quot;,&quot;mobile&quot;],&quot;_ha_eqh_enable&quot;:false}\">\n\t\t\t\t\t<div class=\"e-con-inner\">\n\t\t<div class=\"elementor-element elementor-element-17abe81 e-con-full e-flex wpr-particle-no wpr-jarallax-no wpr-parallax-no wpr-sticky-section-no e-con e-child\" data-id=\"17abe81\" data-element_type=\"container\" data-e-type=\"container\" data-settings=\"{&quot;_ha_eqh_enable&quot;:false}\">\n\t\t\t\t<div class=\"elementor-element elementor-element-e0b1492 elementor-widget-mobile__width-inherit elementor-invisible elementor-widget elementor-widget-heading\" data-id=\"e0b1492\" data-element_type=\"widget\" data-e-type=\"widget\" data-settings=\"{&quot;_animation&quot;:&quot;slideInLeft&quot;}\" data-widget_type=\"heading.default\">\n\t\t\t\t\t<h2 class=\"elementor-heading-title elementor-size-default\">Roero arneis docg\n<b>pradvaj<\/h2>\t\t\t\t<\/div>\n\t\t\t\t<div class=\"elementor-element elementor-element-376a14f elementor-widget-mobile__width-inherit elementor-invisible elementor-widget elementor-widget-heading\" data-id=\"376a14f\" data-element_type=\"widget\" data-e-type=\"widget\" data-settings=\"{&quot;_animation&quot;:&quot;slideInLeft&quot;}\" data-widget_type=\"heading.default\">\n\t\t\t\t\t<h2 class=\"elementor-heading-title elementor-size-default\">Alta fedelt\u00e0<\/h2>\t\t\t\t<\/div>\n\t\t\t\t<div class=\"elementor-element elementor-element-2db1257 elementor-widget__width-initial elementor-widget-mobile__width-inherit elementor-widget-divider--view-line elementor-widget elementor-widget-divider\" data-id=\"2db1257\" data-element_type=\"widget\" data-e-type=\"widget\" data-widget_type=\"divider.default\">\n\t\t\t\t\t\t\t<div class=\"elementor-divider\">\n\t\t\t<span class=\"elementor-divider-separator\">\n\t\t\t\t\t\t<\/span>\n\t\t<\/div>\n\t\t\t\t\t\t<\/div>\n\t\t\t\t<div class=\"elementor-element elementor-element-88c48dd elementor-widget__width-initial elementor-widget-mobile__width-inherit elementor-invisible elementor-widget elementor-widget-text-editor\" data-id=\"88c48dd\" data-element_type=\"widget\" data-e-type=\"widget\" data-settings=\"{&quot;_animation&quot;:&quot;slideInLeft&quot;}\" data-widget_type=\"text-editor.default\">\n\t\t\t\t\t\t\t\t\t<div class=\"flex flex-col text-sm pb-25\"><article class=\"text-token-text-primary w-full focus:outline-none [--shadow-height:45px] has-data-writing-block:pointer-events-none has-data-writing-block:-mt-(--shadow-height) has-data-writing-block:pt-(--shadow-height) [&amp;:has([data-writing-block])&gt;*]:pointer-events-auto [content-visibility:auto] supports-[content-visibility:auto]:[contain-intrinsic-size:auto_100lvh] scroll-mt-[calc(var(--header-height)+min(200px,max(70px,20svh)))]\" dir=\"auto\" tabindex=\"-1\" data-turn-id=\"a9fc0216-271f-4544-be27-7836a161c0d8\" data-testid=\"conversation-turn-2\" data-scroll-anchor=\"true\" data-turn=\"assistant\"><div class=\"text-base my-auto mx-auto pb-10 [--thread-content-margin:--spacing(4)] @w-sm\/main:[--thread-content-margin:--spacing(6)] @w-lg\/main:[--thread-content-margin:--spacing(16)] px-(--thread-content-margin)\"><div class=\"[--thread-content-max-width:40rem] @w-lg\/main:[--thread-content-max-width:48rem] mx-auto max-w-(--thread-content-max-width) flex-1 group\/turn-messages focus-visible:outline-hidden relative flex w-full min-w-0 flex-col agent-turn\" tabindex=\"-1\"><div class=\"flex max-w-full flex-col grow\"><div class=\"min-h-8 text-message relative flex w-full flex-col items-end gap-2 text-start break-words whitespace-normal [.text-message+&amp;]:mt-1\" dir=\"auto\" data-message-author-role=\"assistant\" data-message-id=\"9c2f2945-4bc7-4bb0-abd9-8e9349e64040\" data-message-model-slug=\"gpt-5-2\"><div class=\"flex w-full flex-col gap-1 empty:hidden first:pt-[1px]\"><div class=\"markdown prose dark:prose-invert w-full wrap-break-word dark markdown-new-styling\"><p data-start=\"0\" data-end=\"166\">La <strong data-start=\"3\" data-end=\"14\">fedelt\u00e0<\/strong> di questa <strong data-start=\"25\" data-end=\"34\">vigna<\/strong>, che ogni anno si distingue per la <strong data-start=\"70\" data-end=\"95\">qualit\u00e0 della sua uva<\/strong>, \u00e8 perfettamente associabile alla <strong data-start=\"130\" data-end=\"163\">fedelt\u00e0 di un labrador adulto<\/strong>. <br \/>Il <strong data-start=\"171\" data-end=\"192\">manto color miele<\/strong> di questo <strong data-start=\"203\" data-end=\"211\">cane<\/strong> ricorda le <strong data-start=\"223\" data-end=\"236\">sfumature<\/strong> che danzano nel <strong data-start=\"253\" data-end=\"266\">bicchiere<\/strong>.<\/p><\/div><\/div><\/div><\/div><\/div><\/div><\/article><\/div>\t\t\t\t\t\t\t\t<\/div>\n\t\t\t\t<div class=\"elementor-element elementor-element-9afd4aa elementor-position-inline-start elementor-mobile-position-inline-start elementor-widget-mobile__width-inherit elementor-view-default elementor-widget elementor-widget-icon-box\" data-id=\"9afd4aa\" data-element_type=\"widget\" data-e-type=\"widget\" data-widget_type=\"icon-box.default\">\n\t\t\t\t\t\t\t<div class=\"elementor-icon-box-wrapper\">\n\n\t\t\t\t\t\t<div class=\"elementor-icon-box-icon\">\n\t\t\t\t<a href=\"#elementor-action%3Aaction%3Dpopup%3Aopen%26settings%3DeyJpZCI6IjE0MDAiLCJ0b2dnbGUiOmZhbHNlfQ%3D%3D\" target=\"_blank\" class=\"elementor-icon\" tabindex=\"-1\" aria-label=\"Clicca qui per consultare la scheda\">\n\t\t\t\t<i aria-hidden=\"true\" class=\"hm hm-newspaper\"><\/i>\t\t\t\t<\/a>\n\t\t\t<\/div>\n\t\t\t\n\t\t\t\t\t\t<div class=\"elementor-icon-box-content\">\n\n\t\t\t\t\t\t\t\t\t<h3 class=\"elementor-icon-box-title\">\n\t\t\t\t\t\t<a href=\"#elementor-action%3Aaction%3Dpopup%3Aopen%26settings%3DeyJpZCI6IjE0MDAiLCJ0b2dnbGUiOmZhbHNlfQ%3D%3D\" target=\"_blank\" >\n\t\t\t\t\t\t\tClicca qui per consultare la scheda\t\t\t\t\t\t<\/a>\n\t\t\t\t\t<\/h3>\n\t\t\t\t\n\t\t\t\t\n\t\t\t<\/div>\n\t\t\t\n\t\t<\/div>\n\t\t\t\t\t\t<\/div>\n\t\t\t\t<\/div>\n\t\t\t\t\t<\/div>\n\t\t\t\t<\/div>\n\t\t\t\t<\/div>\n\t\t","protected":false},"excerpt":{"rendered":"<p>Roero arneis docg pradvaj Nell\u2019Archivio Malabaila, mazzo 9, si legge:\u00abNell\u2019anno 1508 il Conte Daniele Malabaila di Canale, anche a nome dei fratelli, acquista la cascina Pradvaj che comprende un prato ed una collina con viti al pendente di giornate 40 per una somma di 1949 fiorini d\u2019oro\u00bb. Il Roero Arneis Pradvaj nasce esclusivamente dalle uve provenienti da questo vigneto storico. L\u2019et\u00e0 delle viti e le particolari caratteristiche del suolo, ricco di fossili marini, contribuiscono a dare origine a un Arneis di maggiore struttura e persistenza. \u00c8 un vino equilibrato e complesso, che si presta ad accompagnare carni bianche, piatti di pesce elaborati, primi gustosi e formaggi. Roero arneis docg pradvaj Alta fedelt\u00e0 La fedelt\u00e0 di questa vigna, che ogni anno si distingue per la qualit\u00e0 della sua uva, \u00e8 perfettamente associabile alla fedelt\u00e0 di un labrador adulto. Il manto color miele di questo cane ricorda le sfumature che danzano nel bicchiere. Clicca qui per consultare la scheda<\/p>","protected":false},"author":1,"featured_media":0,"parent":0,"menu_order":0,"comment_status":"closed","ping_status":"closed","template":"elementor_header_footer","meta":{"footnotes":""},"class_list":["post-1104","page","type-page","status-publish","hentry"],"_links":{"self":[{"href":"https:\/\/malabaila.com\/en\/wp-json\/wp\/v2\/pages\/1104","targetHints":{"allow":["GET"]}}],"collection":[{"href":"https:\/\/malabaila.com\/en\/wp-json\/wp\/v2\/pages"}],"about":[{"href":"https:\/\/malabaila.com\/en\/wp-json\/wp\/v2\/types\/page"}],"author":[{"embeddable":true,"href":"https:\/\/malabaila.com\/en\/wp-json\/wp\/v2\/users\/1"}],"replies":[{"embeddable":true,"href":"https:\/\/malabaila.com\/en\/wp-json\/wp\/v2\/comments?post=1104"}],"version-history":[{"count":170,"href":"https:\/\/malabaila.com\/en\/wp-json\/wp\/v2\/pages\/1104\/revisions"}],"predecessor-version":[{"id":5007,"href":"https:\/\/malabaila.com\/en\/wp-json\/wp\/v2\/pages\/1104\/revisions\/5007"}],"wp:attachment":[{"href":"https:\/\/malabaila.com\/en\/wp-json\/wp\/v2\/media?parent=1104"}],"curies":[{"name":"wp","href":"https:\/\/api.w.org\/{rel}","templated":true}]}}