{"id":1134,"date":"2026-01-28T16:42:30","date_gmt":"2026-01-28T16:42:30","guid":{"rendered":"http:\/\/malabaila.local\/?page_id=1134"},"modified":"2026-03-30T18:08:38","modified_gmt":"2026-03-30T18:08:38","slug":"barbera-dalba-doc-giardino","status":"publish","type":"page","link":"https:\/\/malabaila.com\/en\/barbera-dalba-doc-giardino\/","title":{"rendered":"Barbera d\u2019Alba DOC \u201cGiardino\u201d"},"content":{"rendered":"\t\t<div data-elementor-type=\"wp-page\" data-elementor-id=\"1134\" class=\"elementor elementor-1134\" data-elementor-settings=\"{&quot;ha_cmc_init_switcher&quot;:&quot;no&quot;}\" data-elementor-post-type=\"page\">\n\t\t\t\t<div class=\"elementor-element elementor-element-737ed6a e-con-full e-flex wpr-particle-no wpr-jarallax-no wpr-parallax-no wpr-sticky-section-no e-con e-parent\" data-id=\"737ed6a\" data-element_type=\"container\" data-e-type=\"container\" data-settings=\"{&quot;background_background&quot;:&quot;classic&quot;,&quot;_ha_eqh_enable&quot;:false}\">\n\t\t<div class=\"elementor-element elementor-element-e63d980 e-con-full e-flex wpr-particle-no wpr-jarallax-no wpr-parallax-no wpr-sticky-section-no e-con e-child\" data-id=\"e63d980\" data-element_type=\"container\" data-e-type=\"container\" data-settings=\"{&quot;background_background&quot;:&quot;classic&quot;,&quot;_ha_eqh_enable&quot;:false}\">\n\t\t\t\t<div class=\"elementor-element elementor-element-10af333 elementor-widget elementor-widget-image\" data-id=\"10af333\" data-element_type=\"widget\" data-e-type=\"widget\" data-widget_type=\"image.default\">\n\t\t\t\t\t\t\t\t\t\t\t\t\t\t\t<img loading=\"lazy\" decoding=\"async\" width=\"1810\" height=\"2560\" src=\"https:\/\/malabaila.com\/wp-content\/uploads\/2026\/01\/Barbera-dAlba-Giardino-Mallabaila-scaled.png\" class=\"attachment-full size-full wp-image-1051\" alt=\"Barbera d\u2019Alba DOC Giardino\" srcset=\"https:\/\/malabaila.com\/wp-content\/uploads\/2026\/01\/Barbera-dAlba-Giardino-Mallabaila-scaled.png 1810w, https:\/\/malabaila.com\/wp-content\/uploads\/2026\/01\/Barbera-dAlba-Giardino-Mallabaila-scaled-600x849.png 600w, https:\/\/malabaila.com\/wp-content\/uploads\/2026\/01\/Barbera-dAlba-Giardino-Mallabaila-212x300.png 212w, https:\/\/malabaila.com\/wp-content\/uploads\/2026\/01\/Barbera-dAlba-Giardino-Mallabaila-724x1024.png 724w, https:\/\/malabaila.com\/wp-content\/uploads\/2026\/01\/Barbera-dAlba-Giardino-Mallabaila-768x1086.png 768w, https:\/\/malabaila.com\/wp-content\/uploads\/2026\/01\/Barbera-dAlba-Giardino-Mallabaila-1086x1536.png 1086w, https:\/\/malabaila.com\/wp-content\/uploads\/2026\/01\/Barbera-dAlba-Giardino-Mallabaila-1448x2048.png 1448w\" sizes=\"auto, (max-width: 1810px) 100vw, 1810px\" \/>\t\t\t\t\t\t\t\t\t\t\t\t\t\t\t<\/div>\n\t\t<div class=\"elementor-element elementor-element-a0ac8ba e-con-full e-flex wpr-particle-no wpr-jarallax-no wpr-parallax-no wpr-sticky-section-no e-con e-child\" data-id=\"a0ac8ba\" data-element_type=\"container\" data-e-type=\"container\" data-settings=\"{&quot;_ha_eqh_enable&quot;:false}\">\n\t\t\t\t<div class=\"elementor-element elementor-element-9b5fec5 elementor-view-default elementor-widget elementor-widget-icon\" data-id=\"9b5fec5\" data-element_type=\"widget\" data-e-type=\"widget\" data-widget_type=\"icon.default\">\n\t\t\t\t\t\t\t<div class=\"elementor-icon-wrapper\">\n\t\t\t<a class=\"elementor-icon\" href=\"https:\/\/malabaila.com\/vini\/\">\n\t\t\t<i aria-hidden=\"true\" class=\"huge huge-more-03\"><\/i>\t\t\t<\/a>\n\t\t<\/div>\n\t\t\t\t\t\t<\/div>\n\t\t\t\t<div class=\"elementor-element elementor-element-eada262 elementor-view-default elementor-widget elementor-widget-icon\" data-id=\"eada262\" data-element_type=\"widget\" data-e-type=\"widget\" data-widget_type=\"icon.default\">\n\t\t\t\t\t\t\t<div class=\"elementor-icon-wrapper\">\n\t\t\t<a class=\"elementor-icon\" href=\"https:\/\/malabaila.com\/barbera-dalba-doc-superiore-mezzavilla\/\">\n\t\t\t<i aria-hidden=\"true\" class=\"huge huge-arrow-right-02-round\"><\/i>\t\t\t<\/a>\n\t\t<\/div>\n\t\t\t\t\t\t<\/div>\n\t\t\t\t<\/div>\n\t\t\t\t<\/div>\n\t\t<div class=\"elementor-element elementor-element-4af5bdc e-con-full e-flex wpr-particle-no wpr-jarallax-no wpr-parallax-no wpr-sticky-section-no e-con e-child\" data-id=\"4af5bdc\" data-element_type=\"container\" data-e-type=\"container\" data-settings=\"{&quot;background_background&quot;:&quot;classic&quot;,&quot;_ha_eqh_enable&quot;:false}\">\n\t\t\t\t<div class=\"elementor-element elementor-element-0a8017b elementor-widget__width-initial elementor-widget elementor-widget-heading\" data-id=\"0a8017b\" data-element_type=\"widget\" data-e-type=\"widget\" data-widget_type=\"heading.default\">\n\t\t\t\t\t<h2 class=\"elementor-heading-title elementor-size-default\">Barbera d'alba doc <b>giardino<\/h2>\t\t\t\t<\/div>\n\t\t\t\t<div class=\"elementor-element elementor-element-e21b0c2 elementor-widget__width-initial elementor-widget-mobile__width-initial elementor-widget-divider--view-line elementor-widget elementor-widget-divider\" data-id=\"e21b0c2\" data-element_type=\"widget\" data-e-type=\"widget\" data-widget_type=\"divider.default\">\n\t\t\t\t\t\t\t<div class=\"elementor-divider\">\n\t\t\t<span class=\"elementor-divider-separator\">\n\t\t\t\t\t\t<\/span>\n\t\t<\/div>\n\t\t\t\t\t\t<\/div>\n\t\t\t\t<div class=\"elementor-element elementor-element-119dc36 elementor-widget__width-initial elementor-widget elementor-widget-text-editor\" data-id=\"119dc36\" data-element_type=\"widget\" data-e-type=\"widget\" data-widget_type=\"text-editor.default\">\n\t\t\t\t\t\t\t\t\t<p>Sul retro della cascina Bric Merli si trovava un antico giardino caro a Daniele Malabaila e da qui il nome per la nostra\u00a0<strong data-start=\"3\" data-end=\"14\">Barbera, <\/strong>uno dei vitigni pi\u00f9 diffusi e rappresentativi del Piemonte. Le prime testimonianze documentate risalgono al <strong data-start=\"125\" data-end=\"140\">XIII secolo<\/strong>, quando la sua coltivazione \u00e8 gi\u00e0 attestata nelle colline del <a href=\"https:\/\/www.monferrato.org\/ita\/\" target=\"_blank\" rel=\"noopener\"><strong data-start=\"203\" data-end=\"217\">Monferrato<\/strong><\/a>, area considerata il suo principale luogo di origine.<\/p><p data-start=\"273\" data-end=\"694\">Nel corso dei secoli la Barbera si \u00e8 progressivamente diffusa in gran parte del territorio piemontese, grazie alla sua <strong data-start=\"392\" data-end=\"431\">buona adattabilit\u00e0 ai diversi suoli<\/strong> e alla sua naturale capacit\u00e0 di produrre vini caratterizzati da <strong data-start=\"496\" data-end=\"548\">acidit\u00e0 vivace, colore intenso e buona struttura<\/strong>. Queste caratteristiche ne hanno favorito l\u2019ampia diffusione nelle campagne piemontesi, dove per lungo tempo \u00e8 stata una delle uve pi\u00f9 coltivate.<\/p><p data-start=\"273\" data-end=\"694\">La Barbera d&#8217;Alba DOC Giardino \u00e8 perfetto con formaggi di media stagionatura, frutta secca, carni bianche e verdure al forno.<\/p>\t\t\t\t\t\t\t\t<\/div>\n\t\t\t\t<\/div>\n\t\t\t\t<\/div>\n\t\t<div class=\"elementor-element elementor-element-b3995db e-con-full e-flex wpr-particle-no wpr-jarallax-no wpr-parallax-no wpr-sticky-section-no e-con e-parent\" data-id=\"b3995db\" data-element_type=\"container\" data-e-type=\"container\" data-settings=\"{&quot;background_background&quot;:&quot;classic&quot;,&quot;background_motion_fx_motion_fx_scrolling&quot;:&quot;yes&quot;,&quot;background_motion_fx_translateX_effect&quot;:&quot;yes&quot;,&quot;background_motion_fx_translateX_speed&quot;:{&quot;unit&quot;:&quot;px&quot;,&quot;size&quot;:4,&quot;sizes&quot;:[]},&quot;background_motion_fx_translateX_affectedRange&quot;:{&quot;unit&quot;:&quot;%&quot;,&quot;size&quot;:&quot;&quot;,&quot;sizes&quot;:{&quot;start&quot;:0,&quot;end&quot;:100}},&quot;background_motion_fx_devices&quot;:[&quot;desktop&quot;,&quot;tablet&quot;,&quot;mobile&quot;],&quot;_ha_eqh_enable&quot;:false}\">\n\t\t<div class=\"elementor-element elementor-element-97227eb e-con-full e-flex wpr-particle-no wpr-jarallax-no wpr-parallax-no wpr-sticky-section-no e-con e-child\" data-id=\"97227eb\" data-element_type=\"container\" data-e-type=\"container\" data-settings=\"{&quot;_ha_eqh_enable&quot;:false}\">\n\t\t\t\t<div class=\"elementor-element elementor-element-28a6a48 elementor-widget-mobile__width-inherit elementor-invisible elementor-widget elementor-widget-heading\" data-id=\"28a6a48\" data-element_type=\"widget\" data-e-type=\"widget\" data-settings=\"{&quot;_animation&quot;:&quot;slideInLeft&quot;}\" data-widget_type=\"heading.default\">\n\t\t\t\t\t<h2 class=\"elementor-heading-title elementor-size-default\">barbera d'alba doc giardino<\/h2>\t\t\t\t<\/div>\n\t\t\t\t<div class=\"elementor-element elementor-element-65f0170 elementor-widget-mobile__width-inherit elementor-invisible elementor-widget elementor-widget-heading\" data-id=\"65f0170\" data-element_type=\"widget\" data-e-type=\"widget\" data-settings=\"{&quot;_animation&quot;:&quot;slideInLeft&quot;}\" data-widget_type=\"heading.default\">\n\t\t\t\t\t<h2 class=\"elementor-heading-title elementor-size-default\">Cuore aperto<\/h2>\t\t\t\t<\/div>\n\t\t\t\t<div class=\"elementor-element elementor-element-7f6df76 elementor-widget__width-initial elementor-widget-mobile__width-inherit elementor-widget-divider--view-line elementor-widget elementor-widget-divider\" data-id=\"7f6df76\" data-element_type=\"widget\" data-e-type=\"widget\" data-widget_type=\"divider.default\">\n\t\t\t\t\t\t\t<div class=\"elementor-divider\">\n\t\t\t<span class=\"elementor-divider-separator\">\n\t\t\t\t\t\t<\/span>\n\t\t<\/div>\n\t\t\t\t\t\t<\/div>\n\t\t\t\t<div class=\"elementor-element elementor-element-8130c56 elementor-widget__width-initial elementor-widget-mobile__width-inherit elementor-invisible elementor-widget elementor-widget-text-editor\" data-id=\"8130c56\" data-element_type=\"widget\" data-e-type=\"widget\" data-settings=\"{&quot;_animation&quot;:&quot;slideInLeft&quot;}\" data-widget_type=\"text-editor.default\">\n\t\t\t\t\t\t\t\t\t<div class=\"flex flex-col text-sm pb-25\"><article class=\"text-token-text-primary w-full focus:outline-none [--shadow-height:45px] has-data-writing-block:pointer-events-none has-data-writing-block:-mt-(--shadow-height) has-data-writing-block:pt-(--shadow-height) [&amp;:has([data-writing-block])&gt;*]:pointer-events-auto [content-visibility:auto] supports-[content-visibility:auto]:[contain-intrinsic-size:auto_100lvh] scroll-mt-[calc(var(--header-height)+min(200px,max(70px,20svh)))]\" dir=\"auto\" tabindex=\"-1\" data-turn-id=\"a9fc0216-271f-4544-be27-7836a161c0d8\" data-testid=\"conversation-turn-2\" data-scroll-anchor=\"true\" data-turn=\"assistant\"><div class=\"text-base my-auto mx-auto pb-10 [--thread-content-margin:--spacing(4)] @w-sm\/main:[--thread-content-margin:--spacing(6)] @w-lg\/main:[--thread-content-margin:--spacing(16)] px-(--thread-content-margin)\"><div class=\"[--thread-content-max-width:40rem] @w-lg\/main:[--thread-content-max-width:48rem] mx-auto max-w-(--thread-content-max-width) flex-1 group\/turn-messages focus-visible:outline-hidden relative flex w-full min-w-0 flex-col agent-turn\" tabindex=\"-1\"><div class=\"flex max-w-full flex-col grow\"><div class=\"min-h-8 text-message relative flex w-full flex-col items-end gap-2 text-start break-words whitespace-normal [.text-message+&amp;]:mt-1\" dir=\"auto\" data-message-author-role=\"assistant\" data-message-id=\"9c2f2945-4bc7-4bb0-abd9-8e9349e64040\" data-message-model-slug=\"gpt-5-2\"><div class=\"flex w-full flex-col gap-1 empty:hidden first:pt-[1px]\"><div class=\"markdown prose dark:prose-invert w-full wrap-break-word dark markdown-new-styling\"><p>L\u2019<strong data-start=\"2\" data-end=\"26\">eleganza della gazza<\/strong> si esprime nella <strong data-start=\"44\" data-end=\"77\">leggerezza dei suoi movimenti<\/strong> ma, soprattutto, nei suoi <strong data-start=\"104\" data-end=\"114\">colori<\/strong>: il <strong data-start=\"119\" data-end=\"129\">bianco<\/strong> e il <strong data-start=\"135\" data-end=\"155\">nero lucidissimo<\/strong> dai <strong data-start=\"160\" data-end=\"185\">luminosi riflessi blu<\/strong>. Allo stesso modo, questo <strong data-start=\"212\" data-end=\"220\">vino<\/strong> si distingue per il suo <strong data-start=\"245\" data-end=\"269\">colore rosso intenso<\/strong> dagli <strong data-start=\"276\" data-end=\"312\">inconfondibili riflessi violacei<\/strong>. E alla <strong data-start=\"321\" data-end=\"330\">gazza<\/strong>, <strong data-start=\"332\" data-end=\"364\">uccello dinamico e scattante<\/strong> dalla <strong data-start=\"371\" data-end=\"385\">lunga coda<\/strong>, lo accomunano anche la <strong data-start=\"410\" data-end=\"422\">vivacit\u00e0<\/strong> e la <strong data-start=\"428\" data-end=\"453\">persistenza al palato<\/strong>.<\/p><\/div><\/div><\/div><\/div><\/div><\/div><\/article><\/div>\t\t\t\t\t\t\t\t<\/div>\n\t\t\t\t<div class=\"elementor-element elementor-element-29354a1 elementor-position-inline-start elementor-mobile-position-inline-start elementor-widget-mobile__width-inherit elementor-view-default elementor-widget elementor-widget-icon-box\" data-id=\"29354a1\" data-element_type=\"widget\" data-e-type=\"widget\" data-widget_type=\"icon-box.default\">\n\t\t\t\t\t\t\t<div class=\"elementor-icon-box-wrapper\">\n\n\t\t\t\t\t\t<div class=\"elementor-icon-box-icon\">\n\t\t\t\t<a href=\"#elementor-action%3Aaction%3Dpopup%3Aopen%26settings%3DeyJpZCI6IjE0MDkiLCJ0b2dnbGUiOmZhbHNlfQ%3D%3D\" target=\"_blank\" class=\"elementor-icon\" tabindex=\"-1\" aria-label=\"Clicca qui per consultare la scheda\">\n\t\t\t\t<i aria-hidden=\"true\" class=\"hm hm-newspaper\"><\/i>\t\t\t\t<\/a>\n\t\t\t<\/div>\n\t\t\t\n\t\t\t\t\t\t<div class=\"elementor-icon-box-content\">\n\n\t\t\t\t\t\t\t\t\t<h3 class=\"elementor-icon-box-title\">\n\t\t\t\t\t\t<a href=\"#elementor-action%3Aaction%3Dpopup%3Aopen%26settings%3DeyJpZCI6IjE0MDkiLCJ0b2dnbGUiOmZhbHNlfQ%3D%3D\" target=\"_blank\" >\n\t\t\t\t\t\t\tClicca qui per consultare la scheda\t\t\t\t\t\t<\/a>\n\t\t\t\t\t<\/h3>\n\t\t\t\t\n\t\t\t\t\n\t\t\t<\/div>\n\t\t\t\n\t\t<\/div>\n\t\t\t\t\t\t<\/div>\n\t\t\t\t<\/div>\n\t\t\t\t<\/div>\n\t\t\t\t<\/div>\n\t\t","protected":false},"excerpt":{"rendered":"<p>Barbera d&#8217;alba doc giardino Sul retro della cascina Bric Merli si trovava un antico giardino caro a Daniele Malabaila e da qui il nome per la nostra\u00a0Barbera, uno dei vitigni pi\u00f9 diffusi e rappresentativi del Piemonte. Le prime testimonianze documentate risalgono al XIII secolo, quando la sua coltivazione \u00e8 gi\u00e0 attestata nelle colline del Monferrato, area considerata il suo principale luogo di origine. Nel corso dei secoli la Barbera si \u00e8 progressivamente diffusa in gran parte del territorio piemontese, grazie alla sua buona adattabilit\u00e0 ai diversi suoli e alla sua naturale capacit\u00e0 di produrre vini caratterizzati da acidit\u00e0 vivace, colore intenso e buona struttura. Queste caratteristiche ne hanno favorito l\u2019ampia diffusione nelle campagne piemontesi, dove per lungo tempo \u00e8 stata una delle uve pi\u00f9 coltivate. La Barbera d&#8217;Alba DOC Giardino \u00e8 perfetto con formaggi di media stagionatura, frutta secca, carni bianche e verdure al forno. barbera d&#8217;alba doc giardino Cuore aperto L\u2019eleganza della gazza si esprime nella leggerezza dei suoi movimenti ma, soprattutto, nei suoi colori: il bianco e il nero lucidissimo dai luminosi riflessi blu. Allo stesso modo, questo vino si distingue per il suo colore rosso intenso dagli inconfondibili riflessi violacei. E alla gazza, uccello dinamico e scattante dalla lunga coda, lo accomunano anche la vivacit\u00e0 e la persistenza al palato. Clicca qui per consultare la scheda<\/p>","protected":false},"author":1,"featured_media":1051,"parent":0,"menu_order":0,"comment_status":"closed","ping_status":"closed","template":"elementor_header_footer","meta":{"footnotes":""},"class_list":["post-1134","page","type-page","status-publish","has-post-thumbnail","hentry"],"_links":{"self":[{"href":"https:\/\/malabaila.com\/en\/wp-json\/wp\/v2\/pages\/1134","targetHints":{"allow":["GET"]}}],"collection":[{"href":"https:\/\/malabaila.com\/en\/wp-json\/wp\/v2\/pages"}],"about":[{"href":"https:\/\/malabaila.com\/en\/wp-json\/wp\/v2\/types\/page"}],"author":[{"embeddable":true,"href":"https:\/\/malabaila.com\/en\/wp-json\/wp\/v2\/users\/1"}],"replies":[{"embeddable":true,"href":"https:\/\/malabaila.com\/en\/wp-json\/wp\/v2\/comments?post=1134"}],"version-history":[{"count":131,"href":"https:\/\/malabaila.com\/en\/wp-json\/wp\/v2\/pages\/1134\/revisions"}],"predecessor-version":[{"id":5778,"href":"https:\/\/malabaila.com\/en\/wp-json\/wp\/v2\/pages\/1134\/revisions\/5778"}],"wp:featuredmedia":[{"embeddable":true,"href":"https:\/\/malabaila.com\/en\/wp-json\/wp\/v2\/media\/1051"}],"wp:attachment":[{"href":"https:\/\/malabaila.com\/en\/wp-json\/wp\/v2\/media?parent=1134"}],"curies":[{"name":"wp","href":"https:\/\/api.w.org\/{rel}","templated":true}]}}