{"id":1205,"date":"2026-01-28T21:13:31","date_gmt":"2026-01-28T21:13:31","guid":{"rendered":"http:\/\/malabaila.local\/?page_id=1205"},"modified":"2026-03-17T18:17:04","modified_gmt":"2026-03-17T18:17:04","slug":"nebbiolo-dalba-doc-bric-merli","status":"publish","type":"page","link":"https:\/\/malabaila.com\/en\/nebbiolo-dalba-doc-bric-merli\/","title":{"rendered":"Nebbiolo d\u2019Alba DOC \u201cBric Merli\u201d"},"content":{"rendered":"\t\t<div data-elementor-type=\"wp-page\" data-elementor-id=\"1205\" class=\"elementor elementor-1205\" data-elementor-settings=\"{&quot;ha_cmc_init_switcher&quot;:&quot;no&quot;}\" data-elementor-post-type=\"page\">\n\t\t\t\t<div class=\"elementor-element elementor-element-64965ad e-con-full e-flex wpr-particle-no wpr-jarallax-no wpr-parallax-no wpr-sticky-section-no e-con e-parent\" data-id=\"64965ad\" data-element_type=\"container\" data-e-type=\"container\" data-settings=\"{&quot;background_background&quot;:&quot;classic&quot;,&quot;_ha_eqh_enable&quot;:false}\">\n\t\t<div class=\"elementor-element elementor-element-7b6b4d2 e-con-full e-flex wpr-particle-no wpr-jarallax-no wpr-parallax-no wpr-sticky-section-no e-con e-child\" data-id=\"7b6b4d2\" data-element_type=\"container\" data-e-type=\"container\" data-settings=\"{&quot;background_background&quot;:&quot;classic&quot;,&quot;_ha_eqh_enable&quot;:false}\">\n\t\t\t\t<div class=\"elementor-element elementor-element-7641c13 elementor-widget elementor-widget-image\" data-id=\"7641c13\" data-element_type=\"widget\" data-e-type=\"widget\" data-widget_type=\"image.default\">\n\t\t\t\t\t\t\t\t\t\t\t\t\t\t\t<img loading=\"lazy\" decoding=\"async\" width=\"1810\" height=\"2560\" src=\"https:\/\/malabaila.com\/wp-content\/uploads\/2026\/01\/Nebbiolo-Bric-MErli-Malabaila-scaled.png\" class=\"attachment-full size-full wp-image-1053\" alt=\"Nebbiolo d\u2019Alba DOC \u201cBric Merli\u201d\" srcset=\"https:\/\/malabaila.com\/wp-content\/uploads\/2026\/01\/Nebbiolo-Bric-MErli-Malabaila-scaled.png 1810w, https:\/\/malabaila.com\/wp-content\/uploads\/2026\/01\/Nebbiolo-Bric-MErli-Malabaila-scaled-600x849.png 600w, https:\/\/malabaila.com\/wp-content\/uploads\/2026\/01\/Nebbiolo-Bric-MErli-Malabaila-212x300.png 212w, https:\/\/malabaila.com\/wp-content\/uploads\/2026\/01\/Nebbiolo-Bric-MErli-Malabaila-724x1024.png 724w, https:\/\/malabaila.com\/wp-content\/uploads\/2026\/01\/Nebbiolo-Bric-MErli-Malabaila-768x1086.png 768w, https:\/\/malabaila.com\/wp-content\/uploads\/2026\/01\/Nebbiolo-Bric-MErli-Malabaila-1086x1536.png 1086w, https:\/\/malabaila.com\/wp-content\/uploads\/2026\/01\/Nebbiolo-Bric-MErli-Malabaila-1448x2048.png 1448w\" sizes=\"auto, (max-width: 1810px) 100vw, 1810px\" \/>\t\t\t\t\t\t\t\t\t\t\t\t\t\t\t<\/div>\n\t\t<div class=\"elementor-element elementor-element-0db1589 e-con-full e-flex wpr-particle-no wpr-jarallax-no wpr-parallax-no wpr-sticky-section-no e-con e-child\" data-id=\"0db1589\" data-element_type=\"container\" data-e-type=\"container\" data-settings=\"{&quot;_ha_eqh_enable&quot;:false}\">\n\t\t\t\t<div class=\"elementor-element elementor-element-a4a385a elementor-view-default elementor-widget elementor-widget-icon\" data-id=\"a4a385a\" data-element_type=\"widget\" data-e-type=\"widget\" data-widget_type=\"icon.default\">\n\t\t\t\t\t\t\t<div class=\"elementor-icon-wrapper\">\n\t\t\t<a class=\"elementor-icon\" href=\"https:\/\/malabaila.com\/vini\/\">\n\t\t\t<i aria-hidden=\"true\" class=\"huge huge-more-03\"><\/i>\t\t\t<\/a>\n\t\t<\/div>\n\t\t\t\t\t\t<\/div>\n\t\t\t\t<div class=\"elementor-element elementor-element-a5e0405 elementor-view-default elementor-widget elementor-widget-icon\" data-id=\"a5e0405\" data-element_type=\"widget\" data-e-type=\"widget\" data-widget_type=\"icon.default\">\n\t\t\t\t\t\t\t<div class=\"elementor-icon-wrapper\">\n\t\t\t<a class=\"elementor-icon\" href=\"https:\/\/malabaila.com\/roero-docg-bric-volta\/\">\n\t\t\t<i aria-hidden=\"true\" class=\"huge huge-arrow-right-02-round\"><\/i>\t\t\t<\/a>\n\t\t<\/div>\n\t\t\t\t\t\t<\/div>\n\t\t\t\t<\/div>\n\t\t\t\t<\/div>\n\t\t<div class=\"elementor-element elementor-element-9ca1c6d e-con-full e-flex wpr-particle-no wpr-jarallax-no wpr-parallax-no wpr-sticky-section-no e-con e-child\" data-id=\"9ca1c6d\" data-element_type=\"container\" data-e-type=\"container\" data-settings=\"{&quot;background_background&quot;:&quot;classic&quot;,&quot;_ha_eqh_enable&quot;:false}\">\n\t\t\t\t<div class=\"elementor-element elementor-element-e638207 elementor-widget__width-initial elementor-widget elementor-widget-heading\" data-id=\"e638207\" data-element_type=\"widget\" data-e-type=\"widget\" data-widget_type=\"heading.default\">\n\t\t\t\t\t<h2 class=\"elementor-heading-title elementor-size-default\">nebbiolo d'alba doc <br><b>bric merli<\/b><\/h2>\t\t\t\t<\/div>\n\t\t\t\t<div class=\"elementor-element elementor-element-66f2453 elementor-widget__width-initial elementor-widget-mobile__width-initial elementor-widget-divider--view-line elementor-widget elementor-widget-divider\" data-id=\"66f2453\" data-element_type=\"widget\" data-e-type=\"widget\" data-widget_type=\"divider.default\">\n\t\t\t\t\t\t\t<div class=\"elementor-divider\">\n\t\t\t<span class=\"elementor-divider-separator\">\n\t\t\t\t\t\t<\/span>\n\t\t<\/div>\n\t\t\t\t\t\t<\/div>\n\t\t\t\t<div class=\"elementor-element elementor-element-fd3313f elementor-widget__width-initial elementor-widget elementor-widget-text-editor\" data-id=\"fd3313f\" data-element_type=\"widget\" data-e-type=\"widget\" data-widget_type=\"text-editor.default\">\n\t\t\t\t\t\t\t\t\t<article class=\"text-token-text-primary w-full focus:outline-none [--shadow-height:45px] has-data-writing-block:pointer-events-none has-data-writing-block:-mt-(--shadow-height) has-data-writing-block:pt-(--shadow-height) [&amp;:has([data-writing-block])&gt;*]:pointer-events-auto scroll-mt-(--header-height)\" dir=\"auto\" tabindex=\"-1\" data-turn-id=\"71892243-5aa2-437c-9382-572900a08459\" data-testid=\"conversation-turn-403\" data-scroll-anchor=\"false\" data-turn=\"user\"><\/article><article class=\"text-token-text-primary w-full focus:outline-none [--shadow-height:45px] has-data-writing-block:pointer-events-none has-data-writing-block:-mt-(--shadow-height) has-data-writing-block:pt-(--shadow-height) [&amp;:has([data-writing-block])&gt;*]:pointer-events-auto scroll-mt-[calc(var(--header-height)+min(200px,max(70px,20svh)))]\" dir=\"auto\" tabindex=\"-1\" data-turn-id=\"request-69a4dcae-0a88-8389-8b1b-dc8520e901a2-21\" data-testid=\"conversation-turn-404\" data-scroll-anchor=\"true\" data-turn=\"assistant\"><div class=\"text-base my-auto mx-auto pb-10 [--thread-content-margin:var(--thread-content-margin-xs,calc(var(--spacing)*4))] @w-sm\/main:[--thread-content-margin:var(--thread-content-margin-sm,calc(var(--spacing)*6))] @w-lg\/main:[--thread-content-margin:var(--thread-content-margin-lg,calc(var(--spacing)*16))] px-(--thread-content-margin)\"><div class=\"[--thread-content-max-width:40rem] @w-lg\/main:[--thread-content-max-width:48rem] mx-auto max-w-(--thread-content-max-width) flex-1 group\/turn-messages focus-visible:outline-hidden relative flex w-full min-w-0 flex-col agent-turn\" tabindex=\"-1\"><div class=\"flex max-w-full flex-col gap-4 grow\"><div class=\"min-h-8 text-message relative flex w-full flex-col items-end gap-2 text-start break-words whitespace-normal [.text-message+&amp;]:mt-1\" dir=\"auto\" data-message-author-role=\"assistant\" data-message-id=\"9326d0ee-c99c-4890-ab60-faf5d10b24a5\" data-message-model-slug=\"gpt-5-3\"><div class=\"flex w-full flex-col gap-1 empty:hidden\"><div class=\"markdown prose dark:prose-invert w-full wrap-break-word light markdown-new-styling\"><p data-start=\"0\" data-end=\"140\">Nell\u2019<strong data-start=\"5\" data-end=\"52\">Archivio Malabaila, mazzo 69 dell\u2019anno 1583<\/strong>, si legge:<br data-start=\"63\" data-end=\"66\" \/><em data-start=\"66\" data-end=\"140\">\u00abRegistro dei possessi del Conte Malabaila per la masseria delli Merli\u00bb.<\/em><\/p><p data-start=\"142\" data-end=\"378\">Il <strong data-start=\"145\" data-end=\"159\">Bric Merli<\/strong> nasce da questi terreni storicamente legati alla famiglia. \u00c8 un Nebbiolo che rappresenta una lettura classica del vitigno, con un affinamento in <strong data-start=\"305\" data-end=\"321\">botte grande<\/strong> volto a valorizzarne eleganza, equilibrio e complessit\u00e0.<br \/>Accompgna bene secondi di carne, come coniglio alle erbe e bollito.<\/p><\/div><\/div><\/div><\/div><\/div><\/div><\/article>\t\t\t\t\t\t\t\t<\/div>\n\t\t\t\t<\/div>\n\t\t\t\t<\/div>\n\t\t<div class=\"elementor-element elementor-element-13d7127 e-con-full e-flex wpr-particle-no wpr-jarallax-no wpr-parallax-no wpr-sticky-section-no e-con e-parent\" data-id=\"13d7127\" data-element_type=\"container\" data-e-type=\"container\" data-settings=\"{&quot;background_background&quot;:&quot;classic&quot;,&quot;background_motion_fx_motion_fx_scrolling&quot;:&quot;yes&quot;,&quot;background_motion_fx_translateX_effect&quot;:&quot;yes&quot;,&quot;background_motion_fx_translateX_speed&quot;:{&quot;unit&quot;:&quot;px&quot;,&quot;size&quot;:4,&quot;sizes&quot;:[]},&quot;background_motion_fx_translateX_affectedRange&quot;:{&quot;unit&quot;:&quot;%&quot;,&quot;size&quot;:&quot;&quot;,&quot;sizes&quot;:{&quot;start&quot;:0,&quot;end&quot;:100}},&quot;background_motion_fx_devices&quot;:[&quot;desktop&quot;,&quot;tablet&quot;,&quot;mobile&quot;],&quot;_ha_eqh_enable&quot;:false}\">\n\t\t<div class=\"elementor-element elementor-element-8a54839 e-con-full e-flex wpr-particle-no wpr-jarallax-no wpr-parallax-no wpr-sticky-section-no e-con e-child\" data-id=\"8a54839\" data-element_type=\"container\" data-e-type=\"container\" data-settings=\"{&quot;_ha_eqh_enable&quot;:false}\">\n\t\t\t\t<div class=\"elementor-element elementor-element-eca3485 elementor-widget-mobile__width-inherit elementor-invisible elementor-widget elementor-widget-heading\" data-id=\"eca3485\" data-element_type=\"widget\" data-e-type=\"widget\" data-settings=\"{&quot;_animation&quot;:&quot;slideInLeft&quot;}\" data-widget_type=\"heading.default\">\n\t\t\t\t\t<h2 class=\"elementor-heading-title elementor-size-default\">nebbiolo d'alba doc <b>bric merli<\/b><\/h2>\t\t\t\t<\/div>\n\t\t\t\t<div class=\"elementor-element elementor-element-fd7b7ce elementor-widget-mobile__width-inherit elementor-invisible elementor-widget elementor-widget-heading\" data-id=\"fd7b7ce\" data-element_type=\"widget\" data-e-type=\"widget\" data-settings=\"{&quot;_animation&quot;:&quot;slideInLeft&quot;}\" data-widget_type=\"heading.default\">\n\t\t\t\t\t<h2 class=\"elementor-heading-title elementor-size-default\">Notturno blu<\/h2>\t\t\t\t<\/div>\n\t\t\t\t<div class=\"elementor-element elementor-element-281e5ce elementor-widget__width-initial elementor-widget-mobile__width-inherit elementor-widget-divider--view-line elementor-widget elementor-widget-divider\" data-id=\"281e5ce\" data-element_type=\"widget\" data-e-type=\"widget\" data-widget_type=\"divider.default\">\n\t\t\t\t\t\t\t<div class=\"elementor-divider\">\n\t\t\t<span class=\"elementor-divider-separator\">\n\t\t\t\t\t\t<\/span>\n\t\t<\/div>\n\t\t\t\t\t\t<\/div>\n\t\t\t\t<div class=\"elementor-element elementor-element-1b835ea elementor-widget__width-initial elementor-widget-mobile__width-inherit elementor-invisible elementor-widget elementor-widget-text-editor\" data-id=\"1b835ea\" data-element_type=\"widget\" data-e-type=\"widget\" data-settings=\"{&quot;_animation&quot;:&quot;slideInLeft&quot;}\" data-widget_type=\"text-editor.default\">\n\t\t\t\t\t\t\t\t\t<p>Il <strong data-start=\"3\" data-end=\"18\">barbagianni<\/strong>, animale notturno, si distingue per lo sguardo attento e la grande capacit\u00e0 di osservazione che gli permette di cacciare nel silenzio della notte. Il suo <strong>sguardo profondo<\/strong> richiama la <strong>profondit\u00e0<\/strong> e la <strong>complessit\u00e0<\/strong> di questo vino, che si rivela pienamente solo a chi gli dedica tempo e attenzione.<br \/>Nella cascina, inoltre, una<strong data-start=\"487\" data-end=\"546\"> coppia <\/strong>di <strong data-start=\"487\" data-end=\"546\">barbagianni abita <\/strong>da sempre <strong data-start=\"487\" data-end=\"546\">questi luoghi<\/strong>, testimonianza di un legame antico tra l\u2019ambiente e il territorio in cui nasce il vino.<\/p>\t\t\t\t\t\t\t\t<\/div>\n\t\t\t\t<div class=\"elementor-element elementor-element-7407e53 elementor-position-inline-start elementor-mobile-position-inline-start elementor-widget-mobile__width-inherit elementor-view-default elementor-widget elementor-widget-icon-box\" data-id=\"7407e53\" data-element_type=\"widget\" data-e-type=\"widget\" data-widget_type=\"icon-box.default\">\n\t\t\t\t\t\t\t<div class=\"elementor-icon-box-wrapper\">\n\n\t\t\t\t\t\t<div class=\"elementor-icon-box-icon\">\n\t\t\t\t<a href=\"#elementor-action%3Aaction%3Dpopup%3Aopen%26settings%3DeyJpZCI6IjE0MTUiLCJ0b2dnbGUiOmZhbHNlfQ%3D%3D\" target=\"_blank\" class=\"elementor-icon\" tabindex=\"-1\" aria-label=\"Clicca qui per consultare la scheda\">\n\t\t\t\t<i aria-hidden=\"true\" class=\"hm hm-newspaper\"><\/i>\t\t\t\t<\/a>\n\t\t\t<\/div>\n\t\t\t\n\t\t\t\t\t\t<div class=\"elementor-icon-box-content\">\n\n\t\t\t\t\t\t\t\t\t<h3 class=\"elementor-icon-box-title\">\n\t\t\t\t\t\t<a href=\"#elementor-action%3Aaction%3Dpopup%3Aopen%26settings%3DeyJpZCI6IjE0MTUiLCJ0b2dnbGUiOmZhbHNlfQ%3D%3D\" target=\"_blank\" >\n\t\t\t\t\t\t\tClicca qui per consultare la scheda\t\t\t\t\t\t<\/a>\n\t\t\t\t\t<\/h3>\n\t\t\t\t\n\t\t\t\t\n\t\t\t<\/div>\n\t\t\t\n\t\t<\/div>\n\t\t\t\t\t\t<\/div>\n\t\t\t\t<\/div>\n\t\t\t\t<\/div>\n\t\t\t\t<\/div>\n\t\t","protected":false},"excerpt":{"rendered":"<p>nebbiolo d&#8217;alba doc bric merli Nell\u2019Archivio Malabaila, mazzo 69 dell\u2019anno 1583, si legge:\u00abRegistro dei possessi del Conte Malabaila per la masseria delli Merli\u00bb. Il Bric Merli nasce da questi terreni storicamente legati alla famiglia. \u00c8 un Nebbiolo che rappresenta una lettura classica del vitigno, con un affinamento in botte grande volto a valorizzarne eleganza, equilibrio e complessit\u00e0.Accompgna bene secondi di carne, come coniglio alle erbe e bollito. nebbiolo d&#8217;alba doc bric merli Notturno blu Il barbagianni, animale notturno, si distingue per lo sguardo attento e la grande capacit\u00e0 di osservazione che gli permette di cacciare nel silenzio della notte. Il suo sguardo profondo richiama la profondit\u00e0 e la complessit\u00e0 di questo vino, che si rivela pienamente solo a chi gli dedica tempo e attenzione.Nella cascina, inoltre, una coppia di barbagianni abita da sempre questi luoghi, testimonianza di un legame antico tra l\u2019ambiente e il territorio in cui nasce il vino. Clicca qui per consultare la scheda<\/p>","protected":false},"author":1,"featured_media":0,"parent":0,"menu_order":0,"comment_status":"closed","ping_status":"closed","template":"elementor_header_footer","meta":{"footnotes":""},"class_list":["post-1205","page","type-page","status-publish","hentry"],"_links":{"self":[{"href":"https:\/\/malabaila.com\/en\/wp-json\/wp\/v2\/pages\/1205","targetHints":{"allow":["GET"]}}],"collection":[{"href":"https:\/\/malabaila.com\/en\/wp-json\/wp\/v2\/pages"}],"about":[{"href":"https:\/\/malabaila.com\/en\/wp-json\/wp\/v2\/types\/page"}],"author":[{"embeddable":true,"href":"https:\/\/malabaila.com\/en\/wp-json\/wp\/v2\/users\/1"}],"replies":[{"embeddable":true,"href":"https:\/\/malabaila.com\/en\/wp-json\/wp\/v2\/comments?post=1205"}],"version-history":[{"count":158,"href":"https:\/\/malabaila.com\/en\/wp-json\/wp\/v2\/pages\/1205\/revisions"}],"predecessor-version":[{"id":5097,"href":"https:\/\/malabaila.com\/en\/wp-json\/wp\/v2\/pages\/1205\/revisions\/5097"}],"wp:attachment":[{"href":"https:\/\/malabaila.com\/en\/wp-json\/wp\/v2\/media?parent=1205"}],"curies":[{"name":"wp","href":"https:\/\/api.w.org\/{rel}","templated":true}]}}