{"id":1212,"date":"2026-01-28T21:24:53","date_gmt":"2026-01-28T21:24:53","guid":{"rendered":"http:\/\/malabaila.local\/?page_id=1212"},"modified":"2026-03-17T18:19:35","modified_gmt":"2026-03-17T18:19:35","slug":"roero-docg-bric-volta","status":"publish","type":"page","link":"https:\/\/malabaila.com\/en\/roero-docg-bric-volta\/","title":{"rendered":"Roero DOCG \u201cBric Volta\u201d"},"content":{"rendered":"\t\t<div data-elementor-type=\"wp-page\" data-elementor-id=\"1212\" class=\"elementor elementor-1212\" data-elementor-settings=\"{&quot;ha_cmc_init_switcher&quot;:&quot;no&quot;}\" data-elementor-post-type=\"page\">\n\t\t\t\t<div class=\"elementor-element elementor-element-4c49535 e-con-full e-flex wpr-particle-no wpr-jarallax-no wpr-parallax-no wpr-sticky-section-no e-con e-parent\" data-id=\"4c49535\" data-element_type=\"container\" data-e-type=\"container\" data-settings=\"{&quot;background_background&quot;:&quot;classic&quot;,&quot;_ha_eqh_enable&quot;:false}\">\n\t\t<div class=\"elementor-element elementor-element-5f4264b e-con-full e-flex wpr-particle-no wpr-jarallax-no wpr-parallax-no wpr-sticky-section-no e-con e-child\" data-id=\"5f4264b\" data-element_type=\"container\" data-e-type=\"container\" data-settings=\"{&quot;background_background&quot;:&quot;classic&quot;,&quot;_ha_eqh_enable&quot;:false}\">\n\t\t\t\t<div class=\"elementor-element elementor-element-4119b82 elementor-widget elementor-widget-image\" data-id=\"4119b82\" data-element_type=\"widget\" data-e-type=\"widget\" data-widget_type=\"image.default\">\n\t\t\t\t\t\t\t\t\t\t\t\t\t\t\t<img loading=\"lazy\" decoding=\"async\" width=\"1810\" height=\"2560\" src=\"https:\/\/malabaila.com\/wp-content\/uploads\/2026\/01\/Nebbiolo-Bric-Volta-Malabaila-scaled.png\" class=\"attachment-full size-full wp-image-1052\" alt=\"Roero DOCG \u201cBric Volta\u201d\" srcset=\"https:\/\/malabaila.com\/wp-content\/uploads\/2026\/01\/Nebbiolo-Bric-Volta-Malabaila-scaled.png 1810w, https:\/\/malabaila.com\/wp-content\/uploads\/2026\/01\/Nebbiolo-Bric-Volta-Malabaila-scaled-600x849.png 600w, https:\/\/malabaila.com\/wp-content\/uploads\/2026\/01\/Nebbiolo-Bric-Volta-Malabaila-212x300.png 212w, https:\/\/malabaila.com\/wp-content\/uploads\/2026\/01\/Nebbiolo-Bric-Volta-Malabaila-724x1024.png 724w, https:\/\/malabaila.com\/wp-content\/uploads\/2026\/01\/Nebbiolo-Bric-Volta-Malabaila-768x1086.png 768w, https:\/\/malabaila.com\/wp-content\/uploads\/2026\/01\/Nebbiolo-Bric-Volta-Malabaila-1086x1536.png 1086w, https:\/\/malabaila.com\/wp-content\/uploads\/2026\/01\/Nebbiolo-Bric-Volta-Malabaila-1448x2048.png 1448w\" sizes=\"auto, (max-width: 1810px) 100vw, 1810px\" \/>\t\t\t\t\t\t\t\t\t\t\t\t\t\t\t<\/div>\n\t\t<div class=\"elementor-element elementor-element-226f5d5 e-con-full e-flex wpr-particle-no wpr-jarallax-no wpr-parallax-no wpr-sticky-section-no e-con e-child\" data-id=\"226f5d5\" data-element_type=\"container\" data-e-type=\"container\" data-settings=\"{&quot;_ha_eqh_enable&quot;:false}\">\n\t\t\t\t<div class=\"elementor-element elementor-element-72cf9d5 elementor-view-default elementor-widget elementor-widget-icon\" data-id=\"72cf9d5\" data-element_type=\"widget\" data-e-type=\"widget\" data-widget_type=\"icon.default\">\n\t\t\t\t\t\t\t<div class=\"elementor-icon-wrapper\">\n\t\t\t<a class=\"elementor-icon\" href=\"https:\/\/malabaila.com\/vini\/\">\n\t\t\t<i aria-hidden=\"true\" class=\"huge huge-more-03\"><\/i>\t\t\t<\/a>\n\t\t<\/div>\n\t\t\t\t\t\t<\/div>\n\t\t\t\t<div class=\"elementor-element elementor-element-7d8e39a elementor-view-default elementor-widget elementor-widget-icon\" data-id=\"7d8e39a\" data-element_type=\"widget\" data-e-type=\"widget\" data-widget_type=\"icon.default\">\n\t\t\t\t\t\t\t<div class=\"elementor-icon-wrapper\">\n\t\t\t<a class=\"elementor-icon\" href=\"https:\/\/malabaila.com\/roero-docg-riserva-castelletto\/\">\n\t\t\t<i aria-hidden=\"true\" class=\"huge huge-arrow-right-02-round\"><\/i>\t\t\t<\/a>\n\t\t<\/div>\n\t\t\t\t\t\t<\/div>\n\t\t\t\t<\/div>\n\t\t\t\t<\/div>\n\t\t<div class=\"elementor-element elementor-element-fe3e6bc e-con-full e-flex wpr-particle-no wpr-jarallax-no wpr-parallax-no wpr-sticky-section-no e-con e-child\" data-id=\"fe3e6bc\" data-element_type=\"container\" data-e-type=\"container\" data-settings=\"{&quot;background_background&quot;:&quot;classic&quot;,&quot;_ha_eqh_enable&quot;:false}\">\n\t\t\t\t<div class=\"elementor-element elementor-element-de4977b elementor-widget__width-initial elementor-widget elementor-widget-heading\" data-id=\"de4977b\" data-element_type=\"widget\" data-e-type=\"widget\" data-widget_type=\"heading.default\">\n\t\t\t\t\t<h2 class=\"elementor-heading-title elementor-size-default\">roero docg <b>\nbric volta<\/b><\/h2>\t\t\t\t<\/div>\n\t\t\t\t<div class=\"elementor-element elementor-element-6556dc3 elementor-widget__width-initial elementor-widget-mobile__width-initial elementor-widget-divider--view-line elementor-widget elementor-widget-divider\" data-id=\"6556dc3\" data-element_type=\"widget\" data-e-type=\"widget\" data-widget_type=\"divider.default\">\n\t\t\t\t\t\t\t<div class=\"elementor-divider\">\n\t\t\t<span class=\"elementor-divider-separator\">\n\t\t\t\t\t\t<\/span>\n\t\t<\/div>\n\t\t\t\t\t\t<\/div>\n\t\t\t\t<div class=\"elementor-element elementor-element-4c32e66 elementor-widget__width-initial elementor-widget elementor-widget-text-editor\" data-id=\"4c32e66\" data-element_type=\"widget\" data-e-type=\"widget\" data-widget_type=\"text-editor.default\">\n\t\t\t\t\t\t\t\t\t<p data-start=\"0\" data-end=\"352\">Nell\u2019<strong data-start=\"5\" data-end=\"18\">anno 1583<\/strong> compare nei registri dei possessi del <strong data-start=\"57\" data-end=\"84\">Conte Daniele Malabaila<\/strong> la descrizione della <strong data-start=\"106\" data-end=\"130\">Masseria della Volta<\/strong>:<br data-start=\"131\" data-end=\"134\" \/><em data-start=\"134\" data-end=\"352\">\u00abLa masseria della Volta, terra aratoria con viti e gerbido con la cascina dentro, coerenti le fini di San Damiano e Priocca, la qual pezza di terra con viti gionge di dentro la Gardesana sino al prato del Giardino\u00bb.<\/em><\/p><p data-start=\"354\" data-end=\"789\">Da questi terreni nasce un Nebbiolo che esprime in modo tipico il carattere del <strong data-start=\"434\" data-end=\"443\">Roero<\/strong>. L\u2019inclinazione delle vigne, i suoli di <strong data-start=\"484\" data-end=\"502\">sabbia sciolta<\/strong> e l\u2019et\u00e0 delle viti contribuiscono a dare origine a un vino di buona struttura, con <strong data-start=\"588\" data-end=\"646\">tannini delicati e un profilo aromatico fresco e pieno<\/strong>. L\u2019<strong data-start=\"650\" data-end=\"681\">affinamento in botte grande<\/strong> ne completa l\u2019equilibrio, accompagnando il naturale ammorbidimento dei tannini e valorizzandone l\u2019eleganza.<br \/>Si abbina bene a <strong data-start=\"808\" data-end=\"874\">piatti di pesce con sugo rosso, porcini alla piastra e polenta<\/strong>.<\/p>\t\t\t\t\t\t\t\t<\/div>\n\t\t\t\t<\/div>\n\t\t\t\t<\/div>\n\t\t<div class=\"elementor-element elementor-element-3300925 e-con-full e-flex wpr-particle-no wpr-jarallax-no wpr-parallax-no wpr-sticky-section-no e-con e-parent\" data-id=\"3300925\" data-element_type=\"container\" data-e-type=\"container\" data-settings=\"{&quot;background_background&quot;:&quot;classic&quot;,&quot;background_motion_fx_motion_fx_scrolling&quot;:&quot;yes&quot;,&quot;background_motion_fx_translateX_effect&quot;:&quot;yes&quot;,&quot;background_motion_fx_translateX_speed&quot;:{&quot;unit&quot;:&quot;px&quot;,&quot;size&quot;:4,&quot;sizes&quot;:[]},&quot;background_motion_fx_translateX_affectedRange&quot;:{&quot;unit&quot;:&quot;%&quot;,&quot;size&quot;:&quot;&quot;,&quot;sizes&quot;:{&quot;start&quot;:0,&quot;end&quot;:100}},&quot;background_motion_fx_devices&quot;:[&quot;desktop&quot;,&quot;tablet&quot;,&quot;mobile&quot;],&quot;_ha_eqh_enable&quot;:false}\">\n\t\t<div class=\"elementor-element elementor-element-772c60b e-con-full e-flex wpr-particle-no wpr-jarallax-no wpr-parallax-no wpr-sticky-section-no e-con e-child\" data-id=\"772c60b\" data-element_type=\"container\" data-e-type=\"container\" data-settings=\"{&quot;_ha_eqh_enable&quot;:false}\">\n\t\t\t\t<div class=\"elementor-element elementor-element-3357882 elementor-widget-mobile__width-inherit elementor-invisible elementor-widget elementor-widget-heading\" data-id=\"3357882\" data-element_type=\"widget\" data-e-type=\"widget\" data-settings=\"{&quot;_animation&quot;:&quot;slideInLeft&quot;}\" data-widget_type=\"heading.default\">\n\t\t\t\t\t<h2 class=\"elementor-heading-title elementor-size-default\">roero docg <b>bric volta<\/h2>\t\t\t\t<\/div>\n\t\t\t\t<div class=\"elementor-element elementor-element-44ac767 elementor-widget-mobile__width-inherit elementor-invisible elementor-widget elementor-widget-heading\" data-id=\"44ac767\" data-element_type=\"widget\" data-e-type=\"widget\" data-settings=\"{&quot;_animation&quot;:&quot;slideInLeft&quot;}\" data-widget_type=\"heading.default\">\n\t\t\t\t\t<h2 class=\"elementor-heading-title elementor-size-default\">Nobili sentimenti<\/h2>\t\t\t\t<\/div>\n\t\t\t\t<div class=\"elementor-element elementor-element-9f52a87 elementor-widget__width-initial elementor-widget-mobile__width-inherit elementor-widget-divider--view-line elementor-widget elementor-widget-divider\" data-id=\"9f52a87\" data-element_type=\"widget\" data-e-type=\"widget\" data-widget_type=\"divider.default\">\n\t\t\t\t\t\t\t<div class=\"elementor-divider\">\n\t\t\t<span class=\"elementor-divider-separator\">\n\t\t\t\t\t\t<\/span>\n\t\t<\/div>\n\t\t\t\t\t\t<\/div>\n\t\t\t\t<div class=\"elementor-element elementor-element-01bb548 elementor-widget__width-initial elementor-widget-mobile__width-inherit elementor-invisible elementor-widget elementor-widget-text-editor\" data-id=\"01bb548\" data-element_type=\"widget\" data-e-type=\"widget\" data-settings=\"{&quot;_animation&quot;:&quot;slideInLeft&quot;}\" data-widget_type=\"text-editor.default\">\n\t\t\t\t\t\t\t\t\t<div class=\"flex flex-col text-sm pb-25\"><article class=\"text-token-text-primary w-full focus:outline-none [--shadow-height:45px] has-data-writing-block:pointer-events-none has-data-writing-block:-mt-(--shadow-height) has-data-writing-block:pt-(--shadow-height) [&amp;:has([data-writing-block])&gt;*]:pointer-events-auto scroll-mt-[calc(var(--header-height)+min(200px,max(70px,20svh)))]\" dir=\"auto\" tabindex=\"-1\" data-turn-id=\"request-69a4dcae-0a88-8389-8b1b-dc8520e901a2-25\" data-testid=\"conversation-turn-410\" data-scroll-anchor=\"true\" data-turn=\"assistant\"><div class=\"text-base my-auto mx-auto pb-10 [--thread-content-margin:var(--thread-content-margin-xs,calc(var(--spacing)*4))] @w-sm\/main:[--thread-content-margin:var(--thread-content-margin-sm,calc(var(--spacing)*6))] @w-lg\/main:[--thread-content-margin:var(--thread-content-margin-lg,calc(var(--spacing)*16))] px-(--thread-content-margin)\"><div class=\"[--thread-content-max-width:40rem] @w-lg\/main:[--thread-content-max-width:48rem] mx-auto max-w-(--thread-content-max-width) flex-1 group\/turn-messages focus-visible:outline-hidden relative flex w-full min-w-0 flex-col agent-turn\" tabindex=\"-1\"><div class=\"flex max-w-full flex-col gap-4 grow\"><div class=\"min-h-8 text-message relative flex w-full flex-col items-end gap-2 text-start break-words whitespace-normal [.text-message+&amp;]:mt-1\" dir=\"auto\" data-message-author-role=\"assistant\" data-message-id=\"bf634469-27a4-4962-badb-b1c31fb2e861\" data-message-model-slug=\"gpt-5-3\"><div class=\"flex w-full flex-col gap-1 empty:hidden\"><div class=\"markdown prose dark:prose-invert w-full wrap-break-word light markdown-new-styling\"><p data-start=\"0\" data-end=\"105\">L\u2019immagine del <strong data-start=\"15\" data-end=\"33\">cavallo bianco<\/strong> rappresenta universalmente <strong data-start=\"61\" data-end=\"72\">purezza<\/strong>, nobilt\u00e0 e <strong data-start=\"84\" data-end=\"104\">forza spirituale<\/strong>.<\/p><p data-start=\"107\" data-end=\"442\" data-is-last-node=\"\" data-is-only-node=\"\">Questo vino interpreta l\u2019espressione pi\u00f9 <strong data-start=\"148\" data-end=\"164\">tradizionale<\/strong> del <strong data-start=\"169\" data-end=\"191\">Nebbiolo del Roero<\/strong>, nel quale convivono <strong data-start=\"213\" data-end=\"226\">struttura<\/strong> e <strong data-start=\"229\" data-end=\"240\">finezza<\/strong>, proprio come nel simbolo scelto. Il cavallo, inoltre, \u00e8 un animale noto per la <strong data-start=\"321\" data-end=\"334\">longevit\u00e0<\/strong>, qualit\u00e0 che richiama anche la <strong data-start=\"366\" data-end=\"392\">capacit\u00e0 di evoluzione<\/strong> e di <strong data-start=\"398\" data-end=\"416\">invecchiamento<\/strong> di questo vino nel tempo.<\/p><\/div><\/div><\/div><\/div><\/div><\/div><\/article><\/div>\t\t\t\t\t\t\t\t<\/div>\n\t\t\t\t<div class=\"elementor-element elementor-element-bb7ade3 elementor-position-inline-start elementor-mobile-position-inline-start elementor-widget-mobile__width-inherit elementor-view-default elementor-widget elementor-widget-icon-box\" data-id=\"bb7ade3\" data-element_type=\"widget\" data-e-type=\"widget\" data-widget_type=\"icon-box.default\">\n\t\t\t\t\t\t\t<div class=\"elementor-icon-box-wrapper\">\n\n\t\t\t\t\t\t<div class=\"elementor-icon-box-icon\">\n\t\t\t\t<a href=\"#elementor-action%3Aaction%3Dpopup%3Aopen%26settings%3DeyJpZCI6IjE0MTgiLCJ0b2dnbGUiOmZhbHNlfQ%3D%3D\" target=\"_blank\" class=\"elementor-icon\" tabindex=\"-1\" aria-label=\"Clicca qui per consultare la scheda\">\n\t\t\t\t<i aria-hidden=\"true\" class=\"hm hm-newspaper\"><\/i>\t\t\t\t<\/a>\n\t\t\t<\/div>\n\t\t\t\n\t\t\t\t\t\t<div class=\"elementor-icon-box-content\">\n\n\t\t\t\t\t\t\t\t\t<h3 class=\"elementor-icon-box-title\">\n\t\t\t\t\t\t<a href=\"#elementor-action%3Aaction%3Dpopup%3Aopen%26settings%3DeyJpZCI6IjE0MTgiLCJ0b2dnbGUiOmZhbHNlfQ%3D%3D\" target=\"_blank\" >\n\t\t\t\t\t\t\tClicca qui per consultare la scheda\t\t\t\t\t\t<\/a>\n\t\t\t\t\t<\/h3>\n\t\t\t\t\n\t\t\t\t\n\t\t\t<\/div>\n\t\t\t\n\t\t<\/div>\n\t\t\t\t\t\t<\/div>\n\t\t\t\t<\/div>\n\t\t\t\t<\/div>\n\t\t\t\t<\/div>\n\t\t","protected":false},"excerpt":{"rendered":"<p>roero docg bric volta Nell\u2019anno 1583 compare nei registri dei possessi del Conte Daniele Malabaila la descrizione della Masseria della Volta:\u00abLa masseria della Volta, terra aratoria con viti e gerbido con la cascina dentro, coerenti le fini di San Damiano e Priocca, la qual pezza di terra con viti gionge di dentro la Gardesana sino al prato del Giardino\u00bb. Da questi terreni nasce un Nebbiolo che esprime in modo tipico il carattere del Roero. L\u2019inclinazione delle vigne, i suoli di sabbia sciolta e l\u2019et\u00e0 delle viti contribuiscono a dare origine a un vino di buona struttura, con tannini delicati e un profilo aromatico fresco e pieno. L\u2019affinamento in botte grande ne completa l\u2019equilibrio, accompagnando il naturale ammorbidimento dei tannini e valorizzandone l\u2019eleganza.Si abbina bene a piatti di pesce con sugo rosso, porcini alla piastra e polenta. roero docg bric volta Nobili sentimenti L\u2019immagine del cavallo bianco rappresenta universalmente purezza, nobilt\u00e0 e forza spirituale. Questo vino interpreta l\u2019espressione pi\u00f9 tradizionale del Nebbiolo del Roero, nel quale convivono struttura e finezza, proprio come nel simbolo scelto. Il cavallo, inoltre, \u00e8 un animale noto per la longevit\u00e0, qualit\u00e0 che richiama anche la capacit\u00e0 di evoluzione e di invecchiamento di questo vino nel tempo. Clicca qui per consultare la scheda<\/p>","protected":false},"author":1,"featured_media":0,"parent":0,"menu_order":0,"comment_status":"closed","ping_status":"closed","template":"elementor_header_footer","meta":{"footnotes":""},"class_list":["post-1212","page","type-page","status-publish","hentry"],"_links":{"self":[{"href":"https:\/\/malabaila.com\/en\/wp-json\/wp\/v2\/pages\/1212","targetHints":{"allow":["GET"]}}],"collection":[{"href":"https:\/\/malabaila.com\/en\/wp-json\/wp\/v2\/pages"}],"about":[{"href":"https:\/\/malabaila.com\/en\/wp-json\/wp\/v2\/types\/page"}],"author":[{"embeddable":true,"href":"https:\/\/malabaila.com\/en\/wp-json\/wp\/v2\/users\/1"}],"replies":[{"embeddable":true,"href":"https:\/\/malabaila.com\/en\/wp-json\/wp\/v2\/comments?post=1212"}],"version-history":[{"count":257,"href":"https:\/\/malabaila.com\/en\/wp-json\/wp\/v2\/pages\/1212\/revisions"}],"predecessor-version":[{"id":5115,"href":"https:\/\/malabaila.com\/en\/wp-json\/wp\/v2\/pages\/1212\/revisions\/5115"}],"wp:attachment":[{"href":"https:\/\/malabaila.com\/en\/wp-json\/wp\/v2\/media?parent=1212"}],"curies":[{"name":"wp","href":"https:\/\/api.w.org\/{rel}","templated":true}]}}